{"id":1792,"date":"2019-12-13T15:18:44","date_gmt":"2019-12-13T14:18:44","guid":{"rendered":"https:\/\/solene.qodeinteractive.com\/elementor\/?page_id=1792"},"modified":"2026-02-22T21:38:47","modified_gmt":"2026-02-22T20:38:47","slug":"kontakt","status":"publish","type":"page","link":"https:\/\/www.melanieundmarkus.com\/en\/kontakt\/","title":{"rendered":"Kontakt"},"content":{"rendered":"<div data-elementor-type=\"wp-page\" data-elementor-id=\"1792\" class=\"elementor elementor-1792\">\n\t\t\t\t\t\t<section class=\"elementor-section elementor-top-section elementor-element elementor-element-5e76b04 elementor-section-full_width eltdf-elementor-row-grid-section elementor-section-height-default elementor-section-height-default eltdf-parallax-row-no eltdf-content-aligment-left eltdf-disabled-bg-image-bellow-no\" data-id=\"5e76b04\" data-element_type=\"section\" data-settings=\"{&quot;background_background&quot;:&quot;classic&quot;}\">\n\t\t\t\t\t\t<div class=\"elementor-container elementor-column-gap-default\">\n\t\t\t\t\t<div class=\"elementor-column elementor-col-100 elementor-top-column elementor-element elementor-element-1db1c62\" data-id=\"1db1c62\" data-element_type=\"column\">\n\t\t\t<div class=\"elementor-widget-wrap elementor-element-populated\">\n\t\t\t\t\t\t<section class=\"elementor-section elementor-inner-section elementor-element elementor-element-acd5ad4 elementor-section-full_width elementor-section-height-default elementor-section-height-default eltdf-parallax-row-no eltdf-content-aligment-left eltdf-elementor-row-grid-no eltdf-disabled-bg-image-bellow-no\" data-id=\"acd5ad4\" data-element_type=\"section\" data-settings=\"{&quot;background_background&quot;:&quot;classic&quot;}\">\n\t\t\t\t\t\t<div class=\"elementor-container elementor-column-gap-default\">\n\t\t\t\t\t<div class=\"elementor-column elementor-col-100 elementor-inner-column elementor-element elementor-element-c428a08\" data-id=\"c428a08\" data-element_type=\"column\">\n\t\t\t<div class=\"elementor-widget-wrap elementor-element-populated\">\n\t\t\t\t\t\t<div class=\"elementor-element elementor-element-c0f942b elementor-widget elementor-widget-eltdf_section_title\" data-id=\"c0f942b\" data-element_type=\"widget\" data-widget_type=\"eltdf_section_title.default\">\n\t\t\t\t<div class=\"elementor-widget-container\">\n\t\t\t<div class=\"eltdf-section-title-holder\" style=\"text-align: center\">\n\t<div class=\"eltdf-st-inner\">\n\t\t\t\t\t\t\t<h1 class=\"eltdf-st-title\" style=\"color: #4D504A\">\n\t\t\t\tKontaktiere uns!\t\t\t\t\t\t\t<\/h1>\n\t\t\t\t\t\t\t<h3  class=\"eltdf-st-subtitle\" style=\"text-transform: none;font-style: italic;color: #84847C\">\n\t\t\t\t<span>\n\t\t\t\t\tErz\u00e4hlt uns von euren W\u00fcnschen, euren Ideen und eurer Geschichte \u2013 wir melden uns innerhalb von 24 Stunden pers\u00f6nlich bei euch zur\u00fcck.\t\t\t\t\t\t\t\t\t<\/span>\n\t\t\t<\/h3>\n\t\t\t\t\t\t\t<\/div>\n<\/div>\t\t<\/div>\n\t\t\t\t<\/div>\n\t\t\t\t<div class=\"elementor-element elementor-element-d322662 elementor-widget elementor-widget-html\" data-id=\"d322662\" data-element_type=\"widget\" data-widget_type=\"html.default\">\n\t\t\t\t<div class=\"elementor-widget-container\">\n\t\t\t<iframe height=\"1646\" style=\"min-width: 100%; max-width: 600px; border: 0;\" id=\"sn-form-cmtte\"\r\nsrc=\"https:\/\/app.studioninja.co\/contactform\/parser\/0a800fc9-9302-156b-8193-1fe8fd6306d7\/0a800fc9-9302-156b-8193-1fe8fd7b06d9\"\r\nallowfullscreen>\r\n<\/iframe>\r\n<script type=\"text\/javascript\" data-iframe-id=\"sn-form-cmtte\"\r\nsrc=\"https:\/\/app.studioninja.co\/client-assets\/form-render\/assets\/scripts\/iframeResizer.js\"><\/script>\t\t<\/div>\n\t\t\t\t<\/div>\n\t\t\t\t\t<\/div>\n\t\t<\/div>\n\t\t\t\t\t<\/div>\n\t\t<\/section>\n\t\t\t\t\t<\/div>\n\t\t<\/div>\n\t\t\t\t\t<\/div>\n\t\t<\/section>\n\t\t\t\t<section class=\"elementor-section elementor-top-section elementor-element elementor-element-53819ba elementor-section-full_width eltdf-elementor-row-grid-section elementor-section-height-default elementor-section-height-default eltdf-parallax-row-no eltdf-content-aligment-left eltdf-disabled-bg-image-bellow-no\" data-id=\"53819ba\" data-element_type=\"section\">\n\t\t\t\t\t\t<div class=\"elementor-container elementor-column-gap-default\">\n\t\t\t\t\t<div class=\"elementor-column elementor-col-25 elementor-top-column elementor-element elementor-element-6034253\" data-id=\"6034253\" data-element_type=\"column\">\n\t\t\t<div class=\"elementor-widget-wrap elementor-element-populated\">\n\t\t\t\t\t\t<div class=\"elementor-element elementor-element-71e65d31 elementor-widget elementor-widget-eltdf_section_title\" data-id=\"71e65d31\" data-element_type=\"widget\" data-widget_type=\"eltdf_section_title.default\">\n\t\t\t\t<div class=\"elementor-widget-container\">\n\t\t\t<div class=\"eltdf-section-title-holder\" style=\"text-align: center\">\n\t<div class=\"eltdf-st-inner\">\n\t\t\t\t\t\t\t<h3 class=\"eltdf-st-title\" style=\"color: #4D504A\">\n\t\t\t\tEmail\t\t\t\t\t\t\t<\/h3>\n\t\t\t\t\t\t\t<p  class=\"eltdf-st-subtitle\" style=\"text-transform: none;color: #84847C\">\n\t\t\t\t<span>\n\t\t\t\t\toffice@melanieundmarkus.com\t\t\t\t\t\t\t\t\t<\/span>\n\t\t\t<\/p>\n\t\t\t\t\t\t\t<\/div>\n<\/div>\t\t<\/div>\n\t\t\t\t<\/div>\n\t\t\t\t\t<\/div>\n\t\t<\/div>\n\t\t\t\t<div class=\"elementor-column elementor-col-25 elementor-top-column elementor-element elementor-element-58a1cad\" data-id=\"58a1cad\" data-element_type=\"column\">\n\t\t\t<div class=\"elementor-widget-wrap elementor-element-populated\">\n\t\t\t\t\t\t<div class=\"elementor-element elementor-element-7b080346 elementor-widget elementor-widget-eltdf_section_title\" data-id=\"7b080346\" data-element_type=\"widget\" data-widget_type=\"eltdf_section_title.default\">\n\t\t\t\t<div class=\"elementor-widget-container\">\n\t\t\t<div class=\"eltdf-section-title-holder\" style=\"text-align: center\">\n\t<div class=\"eltdf-st-inner\">\n\t\t\t\t\t\t\t<h3 class=\"eltdf-st-title\" style=\"color: #4D504A\">\n\t\t\t\tAdresse\t\t\t\t\t\t\t<\/h3>\n\t\t\t\t\t\t\t<p  class=\"eltdf-st-subtitle\" style=\"text-transform: none;color: #84847C\">\n\t\t\t\t<span>\n\t\t\t\t\tLitschau, \u00d6sterreich\t\t\t\t\t\t\t\t\t\t\t<a class=\"eltdf-st-subtitle-link\" href=\"https:\/\/maps.app.goo.gl\/UFtXdjpcLYA1KJV29\" target=\"_blank\"><\/a>\n\t\t\t\t\t\t\t\t\t<\/span>\n\t\t\t<\/p>\n\t\t\t\t\t\t\t<\/div>\n<\/div>\t\t<\/div>\n\t\t\t\t<\/div>\n\t\t\t\t\t<\/div>\n\t\t<\/div>\n\t\t\t\t<div class=\"elementor-column elementor-col-25 elementor-top-column elementor-element elementor-element-bd67750\" data-id=\"bd67750\" data-element_type=\"column\">\n\t\t\t<div class=\"elementor-widget-wrap elementor-element-populated\">\n\t\t\t\t\t\t<div class=\"elementor-element elementor-element-31bdb951 elementor-widget elementor-widget-eltdf_section_title\" data-id=\"31bdb951\" data-element_type=\"widget\" data-widget_type=\"eltdf_section_title.default\">\n\t\t\t\t<div class=\"elementor-widget-container\">\n\t\t\t<div class=\"eltdf-section-title-holder\" style=\"text-align: center\">\n\t<div class=\"eltdf-st-inner\">\n\t\t\t\t\t\t\t<h3 class=\"eltdf-st-title\" style=\"color: #4D504A\">\n\t\t\t\tRuf uns an\t\t\t\t\t\t\t<\/h3>\n\t\t\t\t\t\t\t<p  class=\"eltdf-st-subtitle\" style=\"text-transform: none;color: #84847C\">\n\t\t\t\t<span>\n\t\t\t\t\t+43 664 9959911\t\t\t\t\t\t\t\t\t\t\t<a class=\"eltdf-st-subtitle-link\" href=\"tel: +43 664 9959911\" target=\"_self\"><\/a>\n\t\t\t\t\t\t\t\t\t<\/span>\n\t\t\t<\/p>\n\t\t\t\t\t\t\t<\/div>\n<\/div>\t\t<\/div>\n\t\t\t\t<\/div>\n\t\t\t\t\t<\/div>\n\t\t<\/div>\n\t\t\t\t<div class=\"elementor-column elementor-col-25 elementor-top-column elementor-element elementor-element-98500cf\" data-id=\"98500cf\" data-element_type=\"column\">\n\t\t\t<div class=\"elementor-widget-wrap elementor-element-populated\">\n\t\t\t\t\t\t<div class=\"elementor-element elementor-element-79217ae4 elementor-widget elementor-widget-eltdf_section_title\" data-id=\"79217ae4\" data-element_type=\"widget\" data-widget_type=\"eltdf_section_title.default\">\n\t\t\t\t<div class=\"elementor-widget-container\">\n\t\t\t<div class=\"eltdf-section-title-holder\" style=\"text-align: center\">\n\t<div class=\"eltdf-st-inner\">\n\t\t\t\t\t\t\t<h3 class=\"eltdf-st-title\" style=\"color: #4D504A\">\n\t\t\t\tFolge uns\t\t\t\t\t\t\t<\/h3>\n\t\t\t\t\t\t\t<p  class=\"eltdf-st-subtitle\" style=\"text-transform: none;color: #84847C\">\n\t\t\t\t<span>\n\t\t\t\t\t@ melanieundmarkus\t\t\t\t\t\t\t\t\t\t\t<a class=\"eltdf-st-subtitle-link\" href=\"https:\/\/www.instagram.com\/melanieundmarkus\" target=\"_blank\"><\/a>\n\t\t\t\t\t\t\t\t\t<\/span>\n\t\t\t<\/p>\n\t\t\t\t\t\t\t<\/div>\n<\/div>\t\t<\/div>\n\t\t\t\t<\/div>\n\t\t\t\t\t<\/div>\n\t\t<\/div>\n\t\t\t\t\t<\/div>\n\t\t<\/section>\n\t\t\t\t<\/div>","protected":false},"excerpt":{"rendered":"<p>Kontaktiere uns! Erz\u00e4hlt uns von euren W\u00fcnschen, euren Ideen und eurer Geschichte \u2013 wir melden uns innerhalb von 24 Stunden pers\u00f6nlich bei euch zur\u00fcck. Email office@melanieundmarkus.com Adresse Litschau, \u00d6sterreich Ruf uns an +43 664 9959911 Folge uns @ melanieundmarkus<\/p>","protected":false},"author":1,"featured_media":6045,"parent":0,"menu_order":0,"comment_status":"closed","ping_status":"closed","template":"full-width.php","meta":{"footnotes":""},"class_list":["post-1792","page","type-page","status-publish","has-post-thumbnail","hentry"],"yoast_head":"<!-- This site is optimized with the Yoast SEO plugin v26.7 - https:\/\/yoast.com\/wordpress\/plugins\/seo\/ -->\n<title>Kontakt - Melanie und Markus<\/title>\n<meta name=\"description\" content=\"Hohczeitsreportagen - Kontakt Melanie und Markus - Schickt uns einfach eine Anfrage mit eurem Hochzeitstermin ..\" \/>\n<meta name=\"robots\" content=\"index, follow, max-snippet:-1, max-image-preview:large, max-video-preview:-1\" \/>\n<link rel=\"canonical\" href=\"https:\/\/www.melanieundmarkus.com\/en\/kontakt\/\" \/>\n<meta property=\"og:locale\" content=\"en_US\" \/>\n<meta property=\"og:type\" content=\"article\" \/>\n<meta property=\"og:title\" content=\"Kontakt - Melanie und Markus\" \/>\n<meta property=\"og:description\" content=\"Hohczeitsreportagen - Kontakt Melanie und Markus - Schickt uns einfach eine Anfrage mit eurem Hochzeitstermin ..\" \/>\n<meta property=\"og:url\" content=\"https:\/\/www.melanieundmarkus.com\/en\/kontakt\/\" \/>\n<meta property=\"og:site_name\" content=\"Melanie und Markus\" \/>\n<meta property=\"article:modified_time\" content=\"2026-02-22T20:38:47+00:00\" \/>\n<meta property=\"og:image\" content=\"https:\/\/www.melanieundmarkus.com\/wp-content\/uploads\/2022\/01\/cropped-Melanie-Markus.png\" \/>\n\t<meta property=\"og:image:width\" content=\"512\" \/>\n\t<meta property=\"og:image:height\" content=\"512\" \/>\n\t<meta property=\"og:image:type\" content=\"image\/png\" \/>\n<meta name=\"twitter:card\" content=\"summary_large_image\" \/>\n<meta name=\"twitter:label1\" content=\"Est. reading time\" \/>\n\t<meta name=\"twitter:data1\" content=\"1 minute\" \/>\n<script type=\"application\/ld+json\" class=\"yoast-schema-graph\">{\"@context\":\"https:\/\/schema.org\",\"@graph\":[{\"@type\":\"WebPage\",\"@id\":\"https:\/\/www.melanieundmarkus.com\/kontakt\/\",\"url\":\"https:\/\/www.melanieundmarkus.com\/kontakt\/\",\"name\":\"Kontakt - Melanie und Markus\",\"isPartOf\":{\"@id\":\"https:\/\/www.melanieundmarkus.com\/#website\"},\"primaryImageOfPage\":{\"@id\":\"https:\/\/www.melanieundmarkus.com\/kontakt\/#primaryimage\"},\"image\":{\"@id\":\"https:\/\/www.melanieundmarkus.com\/kontakt\/#primaryimage\"},\"thumbnailUrl\":\"https:\/\/www.melanieundmarkus.com\/wp-content\/uploads\/2022\/01\/cropped-Melanie-Markus.png\",\"datePublished\":\"2019-12-13T14:18:44+00:00\",\"dateModified\":\"2026-02-22T20:38:47+00:00\",\"description\":\"Hohczeitsreportagen - Kontakt Melanie und Markus - Schickt uns einfach eine Anfrage mit eurem Hochzeitstermin ..\",\"breadcrumb\":{\"@id\":\"https:\/\/www.melanieundmarkus.com\/kontakt\/#breadcrumb\"},\"inLanguage\":\"en-US\",\"potentialAction\":[{\"@type\":\"ReadAction\",\"target\":[\"https:\/\/www.melanieundmarkus.com\/kontakt\/\"]}]},{\"@type\":\"ImageObject\",\"inLanguage\":\"en-US\",\"@id\":\"https:\/\/www.melanieundmarkus.com\/kontakt\/#primaryimage\",\"url\":\"https:\/\/www.melanieundmarkus.com\/wp-content\/uploads\/2022\/01\/cropped-Melanie-Markus.png\",\"contentUrl\":\"https:\/\/www.melanieundmarkus.com\/wp-content\/uploads\/2022\/01\/cropped-Melanie-Markus.png\",\"width\":512,\"height\":512},{\"@type\":\"BreadcrumbList\",\"@id\":\"https:\/\/www.melanieundmarkus.com\/kontakt\/#breadcrumb\",\"itemListElement\":[{\"@type\":\"ListItem\",\"position\":1,\"name\":\"Startseite\",\"item\":\"https:\/\/www.melanieundmarkus.com\/\"},{\"@type\":\"ListItem\",\"position\":2,\"name\":\"Kontakt\"}]},{\"@type\":\"WebSite\",\"@id\":\"https:\/\/www.melanieundmarkus.com\/#website\",\"url\":\"https:\/\/www.melanieundmarkus.com\/\",\"name\":\"Melanie und Markus\",\"description\":\"Wedding Photo and Film\",\"publisher\":{\"@id\":\"https:\/\/www.melanieundmarkus.com\/#organization\"},\"potentialAction\":[{\"@type\":\"SearchAction\",\"target\":{\"@type\":\"EntryPoint\",\"urlTemplate\":\"https:\/\/www.melanieundmarkus.com\/?s={search_term_string}\"},\"query-input\":{\"@type\":\"PropertyValueSpecification\",\"valueRequired\":true,\"valueName\":\"search_term_string\"}}],\"inLanguage\":\"en-US\"},{\"@type\":\"Organization\",\"@id\":\"https:\/\/www.melanieundmarkus.com\/#organization\",\"name\":\"Melanie und Markus\",\"url\":\"https:\/\/www.melanieundmarkus.com\/\",\"logo\":{\"@type\":\"ImageObject\",\"inLanguage\":\"en-US\",\"@id\":\"https:\/\/www.melanieundmarkus.com\/#\/schema\/logo\/image\/\",\"url\":\"https:\/\/www.melanieundmarkus.com\/wp-content\/uploads\/2022\/01\/cropped-Melanie-Markus.png\",\"contentUrl\":\"https:\/\/www.melanieundmarkus.com\/wp-content\/uploads\/2022\/01\/cropped-Melanie-Markus.png\",\"width\":512,\"height\":512,\"caption\":\"Melanie und Markus\"},\"image\":{\"@id\":\"https:\/\/www.melanieundmarkus.com\/#\/schema\/logo\/image\/\"}}]}<\/script>\n<!-- \/ Yoast SEO plugin. -->","yoast_head_json":{"title":"Kontakt - Melanie und Markus","description":"Hohczeitsreportagen - Kontakt Melanie und Markus - Schickt uns einfach eine Anfrage mit eurem Hochzeitstermin ..","robots":{"index":"index","follow":"follow","max-snippet":"max-snippet:-1","max-image-preview":"max-image-preview:large","max-video-preview":"max-video-preview:-1"},"canonical":"https:\/\/www.melanieundmarkus.com\/en\/kontakt\/","og_locale":"en_US","og_type":"article","og_title":"Kontakt - Melanie und Markus","og_description":"Hohczeitsreportagen - Kontakt Melanie und Markus - Schickt uns einfach eine Anfrage mit eurem Hochzeitstermin ..","og_url":"https:\/\/www.melanieundmarkus.com\/en\/kontakt\/","og_site_name":"Melanie und Markus","article_modified_time":"2026-02-22T20:38:47+00:00","og_image":[{"width":512,"height":512,"url":"https:\/\/www.melanieundmarkus.com\/wp-content\/uploads\/2022\/01\/cropped-Melanie-Markus.png","type":"image\/png"}],"twitter_card":"summary_large_image","twitter_misc":{"Est. reading time":"1 minute"},"schema":{"@context":"https:\/\/schema.org","@graph":[{"@type":"WebPage","@id":"https:\/\/www.melanieundmarkus.com\/kontakt\/","url":"https:\/\/www.melanieundmarkus.com\/kontakt\/","name":"Kontakt - Melanie und Markus","isPartOf":{"@id":"https:\/\/www.melanieundmarkus.com\/#website"},"primaryImageOfPage":{"@id":"https:\/\/www.melanieundmarkus.com\/kontakt\/#primaryimage"},"image":{"@id":"https:\/\/www.melanieundmarkus.com\/kontakt\/#primaryimage"},"thumbnailUrl":"https:\/\/www.melanieundmarkus.com\/wp-content\/uploads\/2022\/01\/cropped-Melanie-Markus.png","datePublished":"2019-12-13T14:18:44+00:00","dateModified":"2026-02-22T20:38:47+00:00","description":"Hohczeitsreportagen - Kontakt Melanie und Markus - Schickt uns einfach eine Anfrage mit eurem Hochzeitstermin ..","breadcrumb":{"@id":"https:\/\/www.melanieundmarkus.com\/kontakt\/#breadcrumb"},"inLanguage":"en-US","potentialAction":[{"@type":"ReadAction","target":["https:\/\/www.melanieundmarkus.com\/kontakt\/"]}]},{"@type":"ImageObject","inLanguage":"en-US","@id":"https:\/\/www.melanieundmarkus.com\/kontakt\/#primaryimage","url":"https:\/\/www.melanieundmarkus.com\/wp-content\/uploads\/2022\/01\/cropped-Melanie-Markus.png","contentUrl":"https:\/\/www.melanieundmarkus.com\/wp-content\/uploads\/2022\/01\/cropped-Melanie-Markus.png","width":512,"height":512},{"@type":"BreadcrumbList","@id":"https:\/\/www.melanieundmarkus.com\/kontakt\/#breadcrumb","itemListElement":[{"@type":"ListItem","position":1,"name":"Startseite","item":"https:\/\/www.melanieundmarkus.com\/"},{"@type":"ListItem","position":2,"name":"Kontakt"}]},{"@type":"WebSite","@id":"https:\/\/www.melanieundmarkus.com\/#website","url":"https:\/\/www.melanieundmarkus.com\/","name":"Melanie und Markus","description":"Wedding Photo and Film","publisher":{"@id":"https:\/\/www.melanieundmarkus.com\/#organization"},"potentialAction":[{"@type":"SearchAction","target":{"@type":"EntryPoint","urlTemplate":"https:\/\/www.melanieundmarkus.com\/?s={search_term_string}"},"query-input":{"@type":"PropertyValueSpecification","valueRequired":true,"valueName":"search_term_string"}}],"inLanguage":"en-US"},{"@type":"Organization","@id":"https:\/\/www.melanieundmarkus.com\/#organization","name":"Melanie und Markus","url":"https:\/\/www.melanieundmarkus.com\/","logo":{"@type":"ImageObject","inLanguage":"en-US","@id":"https:\/\/www.melanieundmarkus.com\/#\/schema\/logo\/image\/","url":"https:\/\/www.melanieundmarkus.com\/wp-content\/uploads\/2022\/01\/cropped-Melanie-Markus.png","contentUrl":"https:\/\/www.melanieundmarkus.com\/wp-content\/uploads\/2022\/01\/cropped-Melanie-Markus.png","width":512,"height":512,"caption":"Melanie und Markus"},"image":{"@id":"https:\/\/www.melanieundmarkus.com\/#\/schema\/logo\/image\/"}}]}},"_links":{"self":[{"href":"https:\/\/www.melanieundmarkus.com\/en\/wp-json\/wp\/v2\/pages\/1792","targetHints":{"allow":["GET"]}}],"collection":[{"href":"https:\/\/www.melanieundmarkus.com\/en\/wp-json\/wp\/v2\/pages"}],"about":[{"href":"https:\/\/www.melanieundmarkus.com\/en\/wp-json\/wp\/v2\/types\/page"}],"author":[{"embeddable":true,"href":"https:\/\/www.melanieundmarkus.com\/en\/wp-json\/wp\/v2\/users\/1"}],"replies":[{"embeddable":true,"href":"https:\/\/www.melanieundmarkus.com\/en\/wp-json\/wp\/v2\/comments?post=1792"}],"version-history":[{"count":62,"href":"https:\/\/www.melanieundmarkus.com\/en\/wp-json\/wp\/v2\/pages\/1792\/revisions"}],"predecessor-version":[{"id":10073,"href":"https:\/\/www.melanieundmarkus.com\/en\/wp-json\/wp\/v2\/pages\/1792\/revisions\/10073"}],"wp:featuredmedia":[{"embeddable":true,"href":"https:\/\/www.melanieundmarkus.com\/en\/wp-json\/wp\/v2\/media\/6045"}],"wp:attachment":[{"href":"https:\/\/www.melanieundmarkus.com\/en\/wp-json\/wp\/v2\/media?parent=1792"}],"curies":[{"name":"wp","href":"https:\/\/api.w.org\/{rel}","templated":true}]}}